{"id":8007,"date":"2023-10-17T14:47:36","date_gmt":"2023-10-17T17:47:36","guid":{"rendered":"https:\/\/rcgherco.com\/?page_id=8007"},"modified":"2025-01-21T12:40:34","modified_gmt":"2025-01-21T15:40:34","slug":"conocer-riesgo-mirabal","status":"publish","type":"page","link":"https:\/\/rcg-global.com\/es\/servicios\/conocer-riesgo-mirabal\/","title":{"rendered":"CONOCER + RIESGO MIRABAL"},"content":{"rendered":"\n<style type=\"text\/css\" data-created_by=\"avia_inline_auto\" id=\"style-css-av-lfz5hv5l-1e1d4682334a430fa338688c702b1de6\">\n.avia-section.av-lfz5hv5l-1e1d4682334a430fa338688c702b1de6{\nmargin-top:0px;\nmargin-bottom:30px;\n}\n<\/style>\n<div id='av_section_1'  class='avia-section av-lfz5hv5l-1e1d4682334a430fa338688c702b1de6 main_color avia-section-no-padding avia-no-border-styling  avia-builder-el-0  el_before_av_section  avia-builder-el-first  avia-bg-style-scroll container_wrap sidebar_right'  ><div class='container av-section-cont-open' ><main  role=\"main\" itemprop=\"mainContentOfPage\"  class='template-page content  av-content-small alpha units'><div class='post-entry post-entry-type-page post-entry-8007'><div class='entry-content-wrapper clearfix'>\n\n<style type=\"text\/css\" data-created_by=\"avia_inline_auto\" id=\"style-css-av-zw50gs-286e447656bf391b1fdc82a420143a8b\">\n.flex_column.av-zw50gs-286e447656bf391b1fdc82a420143a8b{\npadding:10px 0 0 0;\n}\n<\/style>\n<div  class='flex_column av-zw50gs-286e447656bf391b1fdc82a420143a8b av_one_full  avia-builder-el-1  el_before_av_one_full  avia-builder-el-first  first flex_column_div  '     ><p>\n<style type=\"text\/css\" data-created_by=\"avia_inline_auto\" id=\"style-css-av-4v6jhx-ea442e0b258e2227326a54450c074f5a\">\n#top .hr.hr-invisible.av-4v6jhx-ea442e0b258e2227326a54450c074f5a{\nheight:30px;\n}\n<\/style>\n<div  class='hr av-4v6jhx-ea442e0b258e2227326a54450c074f5a hr-invisible  avia-builder-el-2  el_before_av_textblock  avia-builder-el-first '><span class='hr-inner '><span class=\"hr-inner-style\"><\/span><\/span><\/div><br \/>\n\n<style type=\"text\/css\" data-created_by=\"avia_inline_auto\" id=\"style-css-av-3eobgs-e5ae152c10d3fb4994ccf7144ac8fa70\">\n#top .av_textblock_section.av-3eobgs-e5ae152c10d3fb4994ccf7144ac8fa70 .avia_textblock{\nfont-size:14px;\ntext-align:justify;\n}\n<\/style>\n<section  class='av_textblock_section av-3eobgs-e5ae152c10d3fb4994ccf7144ac8fa70 '   itemscope=\"itemscope\" itemtype=\"https:\/\/schema.org\/CreativeWork\" ><div class='avia_textblock'  itemprop=\"text\" ><h3 style=\"text-align: left;\"><strong>\u00bfQUI\u00c9NES SOMOS?<\/strong><\/h3>\n<p><img loading=\"lazy\" decoding=\"async\" class=\"alignnone wp-image-4300 size-full\" src=\"https:\/\/rcgherco.com\/wp-content\/uploads\/2023\/05\/Rectangle-24@2x-e1683869946287.png\" alt=\"\" width=\"44\" height=\"8\" srcset=\"https:\/\/rcg-global.com\/wp-content\/uploads\/2023\/05\/Rectangle-24@2x-e1683869946287.png 44w, https:\/\/rcg-global.com\/wp-content\/uploads\/2023\/05\/Rectangle-24@2x-e1683869946287-36x8.png 36w\" sizes=\"auto, (max-width: 44px) 100vw, 44px\" \/><\/p>\n<p>El riesgo y su gesti\u00f3n han ido adquiriendo un papel cada vez m\u00e1s importante, tanto en el modelo de negocio de las organizaciones como en la forma en que esta gesti\u00f3n contribuye al modelo en la creaci\u00f3n de valor. Este mundo complejo y en constante cambio exige que la gesti\u00f3n de riesgos de una empresa se implique tanto en la formaci\u00f3n de objetivos estrat\u00e9gicos como en los planes t\u00e1cticos aplicados para alcanzar sus metas, todo ello sin olvidar el riesgo asociado a las operaciones cotidianas.<\/p>\n<\/div><\/section><br \/>\n\n<style type=\"text\/css\" data-created_by=\"avia_inline_auto\" id=\"style-css-av-36n6ik-3a912bb919bea60b0e2a94ac47898a52\">\n#top .av_textblock_section.av-36n6ik-3a912bb919bea60b0e2a94ac47898a52 .avia_textblock{\nfont-size:14px;\ntext-align:justify;\n}\n<\/style>\n<section  class='av_textblock_section av-36n6ik-3a912bb919bea60b0e2a94ac47898a52 '   itemscope=\"itemscope\" itemtype=\"https:\/\/schema.org\/CreativeWork\" ><div class='avia_textblock'  itemprop=\"text\" ><p>Las oportunidades y amenazas del entorno externo tales como, la competencia, los fen\u00f3menos naturales, las decisiones pol\u00edticas, los cambios en el medio ambiente, el desarrollo tecnol\u00f3gico y la imposici\u00f3n de normas regulatorias, entre otros, se unen a los aspectos de cultura organizacional, talento humano, procesos internos, sistemas tecnol\u00f3gicos, control interno, etc. para definir un plan de acci\u00f3n donde se deben cumplir los objetivos estrat\u00e9gicos de una organizaci\u00f3n para cumplir con su visi\u00f3n y as\u00ed alcanzar su misi\u00f3n.<\/p>\n<\/div><\/section><\/p><\/div>\n<style type=\"text\/css\" data-created_by=\"avia_inline_auto\" id=\"style-css-av-1gfi91-294694e96bc0a157e370d542a760e4fd\">\n.flex_column.av-1gfi91-294694e96bc0a157e370d542a760e4fd{\npadding:10px 0 0 0;\n}\n<\/style>\n<div  class='flex_column av-1gfi91-294694e96bc0a157e370d542a760e4fd av_one_full  avia-builder-el-5  el_after_av_one_full  avia-builder-el-last  first flex_column_div  column-top-margin'     ><style type=\"text\/css\" data-created_by=\"avia_inline_auto\" id=\"style-css-av-lnug3fyb-f67879fc9e68876a0c5213ff488a5ea3\">\n#top .av_textblock_section.av-lnug3fyb-f67879fc9e68876a0c5213ff488a5ea3 .avia_textblock{\nfont-size:14px;\ntext-align:justify;\n}\n<\/style>\n<section  class='av_textblock_section av-lnug3fyb-f67879fc9e68876a0c5213ff488a5ea3 '   itemscope=\"itemscope\" itemtype=\"https:\/\/schema.org\/CreativeWork\" ><div class='avia_textblock'  itemprop=\"text\" ><h3 style=\"text-align: left;\"><strong>NUESTRA FILOSOF\u00cdA<\/strong><\/h3>\n<p><img loading=\"lazy\" decoding=\"async\" class=\"alignnone wp-image-4300 size-full\" src=\"https:\/\/rcgherco.com\/wp-content\/uploads\/2023\/05\/Rectangle-24@2x-e1683869946287.png\" alt=\"\" width=\"44\" height=\"8\" srcset=\"https:\/\/rcg-global.com\/wp-content\/uploads\/2023\/05\/Rectangle-24@2x-e1683869946287.png 44w, https:\/\/rcg-global.com\/wp-content\/uploads\/2023\/05\/Rectangle-24@2x-e1683869946287-36x8.png 36w\" sizes=\"auto, (max-width: 44px) 100vw, 44px\" \/><\/p>\n<p>La filosof\u00eda de nuestra empresa se basa en el principio de que el riesgo es un elemento natural que forma parte del modelo empresarial de las organizaciones. La forma en que se gestione este riesgo decidir\u00e1 la contribuci\u00f3n al modelo de creaci\u00f3n de valor que adopten las organizaciones.<\/p>\n<\/div><\/section><br \/>\n\n<style type=\"text\/css\" data-created_by=\"avia_inline_auto\" id=\"style-css-av-lnug45el-571cd96091277cc5de3e78f4faff2a5a\">\n#top .av_textblock_section.av-lnug45el-571cd96091277cc5de3e78f4faff2a5a .avia_textblock{\nfont-size:14px;\ntext-align:justify;\n}\n<\/style>\n<section  class='av_textblock_section av-lnug45el-571cd96091277cc5de3e78f4faff2a5a '   itemscope=\"itemscope\" itemtype=\"https:\/\/schema.org\/CreativeWork\" ><div class='avia_textblock'  itemprop=\"text\" ><p>Es por ello que el riesgo no s\u00f3lo se ve desde un punto de vista negativo, ya que, dependiendo de c\u00f3mo se gestione, puede generar oportunidades que se traduzcan en ventajas competitivas. Mirabal Risk Management colabora estrechamente con sus clientes para optimizar su gesti\u00f3n del riesgo y poder as\u00ed aportar el m\u00e1ximo nivel de valor a\u00f1adido a su organizaci\u00f3n.<\/p>\n<\/div><\/section><br \/>\n\n<style type=\"text\/css\" data-created_by=\"avia_inline_auto\" id=\"style-css-av-7loa3p-9e3082e05b4bf53b5fa01e77a99079b5\">\n#top .hr.hr-invisible.av-7loa3p-9e3082e05b4bf53b5fa01e77a99079b5{\nheight:30px;\n}\n<\/style>\n<div  class='hr av-7loa3p-9e3082e05b4bf53b5fa01e77a99079b5 hr-invisible  avia-builder-el-8  el_after_av_textblock  el_before_av_textblock '><span class='hr-inner '><span class=\"hr-inner-style\"><\/span><\/span><\/div><br \/>\n\n<style type=\"text\/css\" data-created_by=\"avia_inline_auto\" id=\"style-css-av-lnug71j7-f8e4e28a1316d6f35342c58a23d062cc\">\n#top .av_textblock_section.av-lnug71j7-f8e4e28a1316d6f35342c58a23d062cc .avia_textblock{\nfont-size:14px;\ntext-align:justify;\n}\n<\/style>\n<section  class='av_textblock_section av-lnug71j7-f8e4e28a1316d6f35342c58a23d062cc '   itemscope=\"itemscope\" itemtype=\"https:\/\/schema.org\/CreativeWork\" ><div class='avia_textblock'  itemprop=\"text\" ><h3 style=\"text-align: left;\">DECLARACI\u00d3N DE POL\u00cdTICA DE CALIDAD<\/h3>\n<p><img loading=\"lazy\" decoding=\"async\" class=\"alignnone wp-image-4300 size-full\" src=\"https:\/\/rcgherco.com\/wp-content\/uploads\/2023\/05\/Rectangle-24@2x-e1683869946287.png\" alt=\"\" width=\"44\" height=\"8\" srcset=\"https:\/\/rcg-global.com\/wp-content\/uploads\/2023\/05\/Rectangle-24@2x-e1683869946287.png 44w, https:\/\/rcg-global.com\/wp-content\/uploads\/2023\/05\/Rectangle-24@2x-e1683869946287-36x8.png 36w\" sizes=\"auto, (max-width: 44px) 100vw, 44px\" \/><\/p>\n<p>El personal de Mirabal Risk Management, LLC se compromete a comprender, satisfacer y, cuando sea posible, superar los requisitos de los clientes, ofreciendo al mismo tiempo servicios de consultor\u00eda de la mayor calidad posible.<\/p>\n<\/div><\/section><\/p><\/div>\n\n<\/div><\/div><\/main><!-- close content main element --><\/div><\/div>\n<style type=\"text\/css\" data-created_by=\"avia_inline_auto\" id=\"style-css-av-ue8qp8-0cbdc9f281ef63b03f76705740dc7560\">\n.avia-section.av-ue8qp8-0cbdc9f281ef63b03f76705740dc7560{\nmargin-top:0px;\nmargin-bottom:30px;\n}\n<\/style>\n<div id='av_section_2'  class='avia-section av-ue8qp8-0cbdc9f281ef63b03f76705740dc7560 main_color avia-section-no-padding avia-no-border-styling  avia-builder-el-10  el_after_av_section  avia-builder-el-last  avia-bg-style-scroll container_wrap sidebar_right'  ><div class='container av-section-cont-open' ><div class='template-page content  av-content-small alpha units'><div class='post-entry post-entry-type-page post-entry-8007'><div class='entry-content-wrapper clearfix'>\n\n<style type=\"text\/css\" data-created_by=\"avia_inline_auto\" id=\"style-css-av-qvoex8-8e309ea76df907c51923dc00bb1df163\">\n.flex_column.av-qvoex8-8e309ea76df907c51923dc00bb1df163{\npadding:10px 0 0 0;\n}\n<\/style>\n<div  class='flex_column av-qvoex8-8e309ea76df907c51923dc00bb1df163 av_two_third  avia-builder-el-11  el_before_av_one_third  avia-builder-el-first  first flex_column_div  '     ><style type=\"text\/css\" data-created_by=\"avia_inline_auto\" id=\"style-css-av-llh3dquu-18be5157cb167ce67c03c0aa3e4f0140\">\n#top .av_textblock_section.av-llh3dquu-18be5157cb167ce67c03c0aa3e4f0140 .avia_textblock{\nfont-size:14px;\ntext-align:justify;\n}\n<\/style>\n<section  class='av_textblock_section av-llh3dquu-18be5157cb167ce67c03c0aa3e4f0140 '   itemscope=\"itemscope\" itemtype=\"https:\/\/schema.org\/CreativeWork\" ><div class='avia_textblock'  itemprop=\"text\" ><h3 style=\"text-align: left;\"><strong>NUESTROS MIEMBROS<\/strong><\/h3>\n<p><img loading=\"lazy\" decoding=\"async\" class=\"alignnone wp-image-4300 size-full\" src=\"https:\/\/rcgherco.com\/wp-content\/uploads\/2023\/05\/Rectangle-24@2x-e1683869946287.png\" alt=\"\" width=\"44\" height=\"8\" srcset=\"https:\/\/rcg-global.com\/wp-content\/uploads\/2023\/05\/Rectangle-24@2x-e1683869946287.png 44w, https:\/\/rcg-global.com\/wp-content\/uploads\/2023\/05\/Rectangle-24@2x-e1683869946287-36x8.png 36w\" sizes=\"auto, (max-width: 44px) 100vw, 44px\" \/><\/p>\n<\/div><\/section><br \/>\n\n<style type=\"text\/css\" data-created_by=\"avia_inline_auto\" id=\"style-css-av-55qk1x-d4ddc37555b929ede4b926201b651f19\">\n#top .hr.hr-invisible.av-55qk1x-d4ddc37555b929ede4b926201b651f19{\nheight:30px;\n}\n<\/style>\n<div  class='hr av-55qk1x-d4ddc37555b929ede4b926201b651f19 hr-invisible  avia-builder-el-13  el_after_av_textblock  el_before_av_image '><span class='hr-inner '><span class=\"hr-inner-style\"><\/span><\/span><\/div><br \/>\n\n<style type=\"text\/css\" data-created_by=\"avia_inline_auto\" id=\"style-css-av-lnugix88-0210af39bebe80a3ddf1faedcb02380b\">\n.avia-image-container.av-lnugix88-0210af39bebe80a3ddf1faedcb02380b img.avia_image{\nbox-shadow:none;\n}\n.avia-image-container.av-lnugix88-0210af39bebe80a3ddf1faedcb02380b .av-image-caption-overlay-center{\ncolor:#ffffff;\n}\n<\/style>\n<div  class='avia-image-container av-lnugix88-0210af39bebe80a3ddf1faedcb02380b av-styling- avia-align-center  avia-builder-el-14  el_after_av_hr  el_before_av_hr '   itemprop=\"image\" itemscope=\"itemscope\" itemtype=\"https:\/\/schema.org\/ImageObject\" ><div class=\"avia-image-container-inner\"><div class=\"avia-image-overlay-wrap\"><img decoding=\"async\" fetchpriority=\"high\" class='wp-image-8107 avia-img-lazy-loading-not-8107 avia_image ' src=\"https:\/\/rcg-global.com\/wp-content\/uploads\/2023\/11\/Javier_-_final-300x282.png\" alt='' title='Javier_-_final'  height=\"282\" width=\"300\"  itemprop=\"thumbnailUrl\" srcset=\"https:\/\/rcg-global.com\/wp-content\/uploads\/2023\/11\/Javier_-_final-300x282.png 300w, https:\/\/rcg-global.com\/wp-content\/uploads\/2023\/11\/Javier_-_final-1030x968.png 1030w, https:\/\/rcg-global.com\/wp-content\/uploads\/2023\/11\/Javier_-_final-768x722.png 768w, https:\/\/rcg-global.com\/wp-content\/uploads\/2023\/11\/Javier_-_final-1536x1444.png 1536w, https:\/\/rcg-global.com\/wp-content\/uploads\/2023\/11\/Javier_-_final-1500x1410.png 1500w, https:\/\/rcg-global.com\/wp-content\/uploads\/2023\/11\/Javier_-_final-705x663.png 705w, https:\/\/rcg-global.com\/wp-content\/uploads\/2023\/11\/Javier_-_final-500x470.png 500w, https:\/\/rcg-global.com\/wp-content\/uploads\/2023\/11\/Javier_-_final-800x752.png 800w, https:\/\/rcg-global.com\/wp-content\/uploads\/2023\/11\/Javier_-_final-1280x1203.png 1280w, https:\/\/rcg-global.com\/wp-content\/uploads\/2023\/11\/Javier_-_final.png 1919w\" sizes=\"(max-width: 300px) 100vw, 300px\" \/><\/div><\/div><\/div><br \/>\n\n<style type=\"text\/css\" data-created_by=\"avia_inline_auto\" id=\"style-css-av-4lte5h-578473e7e1a64e959852816b7f922141\">\n#top .hr.hr-invisible.av-4lte5h-578473e7e1a64e959852816b7f922141{\nheight:30px;\n}\n<\/style>\n<div  class='hr av-4lte5h-578473e7e1a64e959852816b7f922141 hr-invisible  avia-builder-el-15  el_after_av_image  el_before_av_button '><span class='hr-inner '><span class=\"hr-inner-style\"><\/span><\/span><\/div><br \/>\n<div  class='avia-button-wrap av-lnum7qog-d84895f376f3b1bcaeaea2f1988a70af-wrap avia-button-center  avia-builder-el-16  el_after_av_hr  avia-builder-el-last '>\n<style type=\"text\/css\" data-created_by=\"avia_inline_auto\" id=\"style-css-av-lnum7qog-d84895f376f3b1bcaeaea2f1988a70af\">\n#top #wrap_all .avia-button.av-lnum7qog-d84895f376f3b1bcaeaea2f1988a70af{\nbackground-color:#350f0f;\nborder-color:#350f0f;\ncolor:#ffffff;\ntransition:all 0.4s ease-in-out;\n}\n#top #wrap_all .avia-button.av-lnum7qog-d84895f376f3b1bcaeaea2f1988a70af .avia-svg-icon svg:first-child{\nfill:#ffffff;\nstroke:#ffffff;\n}\n<\/style>\n<a href='https:\/\/www.linkedin.com\/in\/javier-mirabal-arm-airm-b39483b\/'  class='avia-button av-lnum7qog-d84895f376f3b1bcaeaea2f1988a70af av-link-btn avia-icon_select-yes-left-icon avia-size-x-large avia-position-center'  target=\"_blank\"  rel=\"noopener noreferrer\"  aria-label=\"CEO MIRABAL RISK\"><span class='avia_button_icon avia_button_icon_left avia-iconfont avia-font-entypo-fontello' data-av_icon='\ue8fd' data-av_iconfont='entypo-fontello' ><\/span><span class='avia_iconbox_title' >CEO MIRABAL RISK<\/span><\/a><\/div><\/p><\/div>\n<style type=\"text\/css\" data-created_by=\"avia_inline_auto\" id=\"style-css-av-5ecww5-8a60079ca050c68694fa802cdf1f567e\">\n.flex_column.av-5ecww5-8a60079ca050c68694fa802cdf1f567e{\npadding:10px 0 0 0;\n}\n<\/style>\n<div  class='flex_column av-5ecww5-8a60079ca050c68694fa802cdf1f567e av_one_third  avia-builder-el-17  el_after_av_two_third  avia-builder-el-last  flex_column_div  '     ><style type=\"text\/css\" data-created_by=\"avia_inline_auto\" id=\"style-css-av-lnugjtxy-1403a75d8fcb9373fa9b12ca4b584953\">\n#top .av_textblock_section.av-lnugjtxy-1403a75d8fcb9373fa9b12ca4b584953 .avia_textblock{\nfont-size:14px;\ntext-align:justify;\n}\n<\/style>\n<section  class='av_textblock_section av-lnugjtxy-1403a75d8fcb9373fa9b12ca4b584953 '   itemscope=\"itemscope\" itemtype=\"https:\/\/schema.org\/CreativeWork\" ><div class='avia_textblock'  itemprop=\"text\" ><h3 style=\"text-align: left;\"><strong>JAVIER MIRABAL<\/strong><\/h3>\n<p>La filosof\u00eda de nuestra empresa se basa en el principio de que el riesgo es un elemento natural que forma parte del modelo empresarial de las organizaciones. La forma en que se gestione este riesgo decidir\u00e1 la contribuci\u00f3n al modelo de creaci\u00f3n de valor que adopten las organizaciones.<\/p>\n<\/div><\/section><br \/>\n\n<style type=\"text\/css\" data-created_by=\"avia_inline_auto\" id=\"style-css-av-lnugkcfe-54a93184324e3cf4aaa3390cb4d98887\">\n#top .av_textblock_section.av-lnugkcfe-54a93184324e3cf4aaa3390cb4d98887 .avia_textblock{\nfont-size:14px;\ntext-align:justify;\n}\n<\/style>\n<section  class='av_textblock_section av-lnugkcfe-54a93184324e3cf4aaa3390cb4d98887 '   itemscope=\"itemscope\" itemtype=\"https:\/\/schema.org\/CreativeWork\" ><div class='avia_textblock'  itemprop=\"text\" ><p>Es por ello que el riesgo no s\u00f3lo se ve desde un punto de vista negativo, ya que, dependiendo de c\u00f3mo se gestione, puede generar oportunidades que se traduzcan en ventajas competitivas. Mirabal Risk Management colabora estrechamente con sus clientes para optimizar su gesti\u00f3n del riesgo y poder as\u00ed aportar el m\u00e1ximo nivel de valor a\u00f1adido a su organizaci\u00f3n.<\/p>\n<\/div><\/section><\/p><\/div>\n<\/div><\/div><\/div><!-- close content main div --><\/div><\/div><div id='after_section_2'  class='main_color av_default_container_wrap container_wrap sidebar_right'  ><div class='container av-section-cont-open' ><div class='template-page content  av-content-small alpha units'><div class='post-entry post-entry-type-page post-entry-8007'><div class='entry-content-wrapper clearfix'>\n","protected":false},"excerpt":{"rendered":"","protected":false},"author":3,"featured_media":0,"parent":5429,"menu_order":1,"comment_status":"closed","ping_status":"closed","template":"","meta":{"content-type":"","om_disable_all_campaigns":false,"_monsterinsights_skip_tracking":false,"_monsterinsights_sitenote_active":false,"_monsterinsights_sitenote_note":"","_monsterinsights_sitenote_category":0,"_uf_show_specific_survey":0,"_uf_disable_surveys":false,"_vp_format_video_url":"","_vp_image_focal_point":[],"footnotes":""},"class_list":["post-8007","page","type-page","status-publish","hentry"],"_links":{"self":[{"href":"https:\/\/rcg-global.com\/es\/wp-json\/wp\/v2\/pages\/8007","targetHints":{"allow":["GET"]}}],"collection":[{"href":"https:\/\/rcg-global.com\/es\/wp-json\/wp\/v2\/pages"}],"about":[{"href":"https:\/\/rcg-global.com\/es\/wp-json\/wp\/v2\/types\/page"}],"author":[{"embeddable":true,"href":"https:\/\/rcg-global.com\/es\/wp-json\/wp\/v2\/users\/3"}],"replies":[{"embeddable":true,"href":"https:\/\/rcg-global.com\/es\/wp-json\/wp\/v2\/comments?post=8007"}],"version-history":[{"count":8,"href":"https:\/\/rcg-global.com\/es\/wp-json\/wp\/v2\/pages\/8007\/revisions"}],"predecessor-version":[{"id":8603,"href":"https:\/\/rcg-global.com\/es\/wp-json\/wp\/v2\/pages\/8007\/revisions\/8603"}],"up":[{"embeddable":true,"href":"https:\/\/rcg-global.com\/es\/wp-json\/wp\/v2\/pages\/5429"}],"wp:attachment":[{"href":"https:\/\/rcg-global.com\/es\/wp-json\/wp\/v2\/media?parent=8007"}],"curies":[{"name":"wp","href":"https:\/\/api.w.org\/{rel}","templated":true}]}}