{"id":7690,"date":"2023-08-03T23:18:24","date_gmt":"2023-08-04T02:18:24","guid":{"rendered":"https:\/\/rcgherco.com\/?page_id=7690"},"modified":"2025-01-21T12:37:31","modified_gmt":"2025-01-21T15:37:31","slug":"articulos-y-noticias-2","status":"publish","type":"page","link":"https:\/\/rcg-global.com\/es\/articulos-y-noticias-2\/","title":{"rendered":"Art\u00edculos y Noticias"},"content":{"rendered":"\n<style type=\"text\/css\" data-created_by=\"avia_inline_auto\" id=\"style-css-av-5prak2-1f97d91b0a3ff34724ea4cfd9f0f8086\">\n#top .av-special-heading.av-5prak2-1f97d91b0a3ff34724ea4cfd9f0f8086{\npadding-bottom:10px;\n}\nbody .av-special-heading.av-5prak2-1f97d91b0a3ff34724ea4cfd9f0f8086 .av-special-heading-tag .heading-char{\nfont-size:25px;\n}\n.av-special-heading.av-5prak2-1f97d91b0a3ff34724ea4cfd9f0f8086 .av-subheading{\nfont-size:15px;\n}\n<\/style>\n<div  class='av-special-heading av-5prak2-1f97d91b0a3ff34724ea4cfd9f0f8086 av-special-heading-h1 blockquote elegant-quote elegant-centered  avia-builder-el-0  el_before_av_hr  avia-builder-el-first '><h1 class='av-special-heading-tag '  itemprop=\"headline\"  ><span class=\"heading-wrap\">Art\u00edculos y Noticias<\/span><\/h1><div class=\"special-heading-border\"><div class=\"special-heading-inner-border\"><\/div><\/div><\/div>\n\n<style type=\"text\/css\" data-created_by=\"avia_inline_auto\" id=\"style-css-av-3sr5jm-acc9eea0f33b0b0f0e1ccc7f0abf8e81\">\n#top .hr.hr-invisible.av-3sr5jm-acc9eea0f33b0b0f0e1ccc7f0abf8e81{\nheight:50px;\n}\n<\/style>\n<div  class='hr av-3sr5jm-acc9eea0f33b0b0f0e1ccc7f0abf8e81 hr-invisible  avia-builder-el-1  el_after_av_heading  el_before_av_blog '><span class='hr-inner '><span class=\"hr-inner-style\"><\/span><\/span><\/div>\n<div  class='av-alb-blogposts template-blog  '  itemscope=\"itemscope\" itemtype=\"https:\/\/schema.org\/Blog\" ><article class=\"post-entry post-entry-type-standard post-entry-5472 post-loop-1 post-parity-odd post-entry-last single-big with-slider post-5472 post type-post status-publish format-standard has-post-thumbnail hentry category-noticias\"  itemscope=\"itemscope\" itemtype=\"https:\/\/schema.org\/BlogPosting\" ><div class=\"big-preview single-big\"  itemprop=\"image\" itemscope=\"itemscope\" itemtype=\"https:\/\/schema.org\/ImageObject\" ><a href=\"https:\/\/rcg-global.com\/es\/herco-la-mayor-consultora-de-riesgos-brasilena-cambia-su-nombre-por-rcg-powered-by-herco\/\"  title=\"CAPAS-SITE-1\" ><img decoding=\"async\" loading=\"lazy\" width=\"790\" height=\"321\" src=\"https:\/\/rcg-global.com\/wp-content\/uploads\/2023\/03\/CAPAS-SITE-1-790x321.png\" class=\"wp-image-4812 avia-img-lazy-loading-4812 attachment-entry_with_sidebar size-entry_with_sidebar wp-post-image\" alt=\"\" \/><\/a><\/div><div class=\"blog-meta\"><\/div><div class='entry-content-wrapper clearfix standard-content'><header class=\"entry-content-header\" aria-label=\"Post: Herco, la mayor consultora de riesgos brasile\u00f1a, cambia su nombre por RCG Powered by Herco\"><h2 class='post-title entry-title '  itemprop=\"headline\" ><a href=\"https:\/\/rcg-global.com\/es\/herco-la-mayor-consultora-de-riesgos-brasilena-cambia-su-nombre-por-rcg-powered-by-herco\/\" rel=\"bookmark\" title=\"Enlace permanente: Herco, la mayor consultora de riesgos brasile\u00f1a, cambia su nombre por RCG Powered by Herco\">Herco, la mayor consultora de riesgos brasile\u00f1a, cambia su nombre por RCG Powered by Herco<span class=\"post-format-icon minor-meta\"><\/span><\/a><\/h2><span class=\"post-meta-infos\"><time class=\"date-container minor-meta updated\"  itemprop=\"datePublished\" datetime=\"2023-03-30T09:15:08-03:00\" >30 de marzo de 2023<\/time><span class=\"text-sep\">\/<\/span><span class=\"comment-container minor-meta\"><a href=\"https:\/\/rcg-global.com\/es\/herco-la-mayor-consultora-de-riesgos-brasilena-cambia-su-nombre-por-rcg-powered-by-herco\/#respond\" class=\"comments-link\" >0 Comentarios<\/a><\/span><span class=\"text-sep\">\/<\/span><span class=\"blog-categories minor-meta\">en <a href=\"https:\/\/rcg-global.com\/es\/category\/noticias\/\" rel=\"tag\">Noticias<\/a><\/span><span class=\"text-sep\">\/<\/span><span class=\"blog-author minor-meta\">por <span class=\"entry-author-link\"  itemprop=\"author\" ><span class=\"author\"><span class=\"fn\"><a href=\"https:\/\/rcg-global.com\/es\/author\/amper-ag\/\" title=\"Entradas de amper.ag\" rel=\"author\">amper.ag<\/a><\/span><\/span><\/span><\/span><\/span><\/header><div class=\"entry-content\"  itemprop=\"text\" ><p>Con operaciones en once pa\u00edses, la empresa pretende aumentar a\u00fan m\u00e1s su visibilidad y conquistar nuevos mercados Una de las principales consultoras de control de riesgos y p\u00e9rdidas del pa\u00eds tiene una nueva cara. A partir de este viernes, 14, Herco firmar\u00e1 RCG . El acr\u00f3nimo es una abreviatura de Risk Consulting Group y representa [&hellip;]<\/p>\n<div class=\"read-more-link\"><a href=\"https:\/\/rcg-global.com\/es\/herco-la-mayor-consultora-de-riesgos-brasilena-cambia-su-nombre-por-rcg-powered-by-herco\/\" class=\"more-link\">Leer m\u00e1s<span class='more-link-arrow avia-svg-icon avia-font-svg_entypo-fontello' data-av_svg_icon='right-open-big' data-av_iconset='svg_entypo-fontello'><svg version=\"1.1\" xmlns=\"http:\/\/www.w3.org\/2000\/svg\" width=\"15\" height=\"32\" viewBox=\"0 0 15 32\" preserveAspectRatio=\"xMidYMid meet\" role=\"graphics-symbol\" aria-hidden=\"true\">\n<path d=\"M0.416 27.84l11.456-11.84-11.456-11.904q-0.832-0.832 0-1.536 0.832-0.832 1.536 0l12.544 12.608q0.768 0.832 0 1.6l-12.544 12.608q-0.704 0.832-1.536 0-0.832-0.704 0-1.536z\"><\/path>\n<\/svg><\/span><\/a><\/div>\n<\/div><footer class=\"entry-footer\"><\/footer><div class='post_delimiter'><\/div><\/div><div class=\"post_author_timeline\"><\/div><span class='hidden'>\n\t\t\t\t<span class='av-structured-data'  itemprop=\"image\" itemscope=\"itemscope\" itemtype=\"https:\/\/schema.org\/ImageObject\" >\n\t\t\t\t\t\t<span itemprop='url'>https:\/\/rcg-global.com\/wp-content\/uploads\/2023\/03\/CAPAS-SITE-1.png<\/span>\n\t\t\t\t\t\t<span itemprop='height'>500<\/span>\n\t\t\t\t\t\t<span itemprop='width'>790<\/span>\n\t\t\t\t<\/span>\n\t\t\t\t<span class='av-structured-data'  itemprop=\"publisher\" itemtype=\"https:\/\/schema.org\/Organization\" itemscope=\"itemscope\" >\n\t\t\t\t\t\t<span itemprop='name'>amper.ag<\/span>\n\t\t\t\t\t\t<span itemprop='logo' itemscope itemtype='https:\/\/schema.org\/ImageObject'>\n\t\t\t\t\t\t\t<span itemprop='url'>https:\/\/rcgherco.com\/wp-content\/uploads\/2023\/04\/Logo_RCG_Colorido_Menu-300x139.png<\/span>\n\t\t\t\t\t\t<\/span>\n\t\t\t\t<\/span><span class='av-structured-data'  itemprop=\"author\" itemscope=\"itemscope\" itemtype=\"https:\/\/schema.org\/Person\" ><span itemprop='name'>amper.ag<\/span><\/span><span class='av-structured-data'  itemprop=\"datePublished\" datetime=\"2023-03-30T09:15:08-03:00\" >2023-03-30 09:15:08<\/span><span class='av-structured-data'  itemprop=\"dateModified\" itemtype=\"https:\/\/schema.org\/dateModified\" >2023-05-26 01:32:01<\/span><span class='av-structured-data'  itemprop=\"mainEntityOfPage\" itemtype=\"https:\/\/schema.org\/mainEntityOfPage\" ><span itemprop='name'>Herco, la mayor consultora de riesgos brasile\u00f1a, cambia su nombre por RCG Powered by Herco<\/span><\/span><\/span><\/article><div class='single-big'><\/div><\/div>\n","protected":false},"excerpt":{"rendered":"","protected":false},"author":1,"featured_media":0,"parent":0,"menu_order":0,"comment_status":"closed","ping_status":"closed","template":"","meta":{"content-type":"","om_disable_all_campaigns":false,"_monsterinsights_skip_tracking":false,"_monsterinsights_sitenote_active":false,"_monsterinsights_sitenote_note":"","_monsterinsights_sitenote_category":0,"_uf_show_specific_survey":0,"_uf_disable_surveys":false,"_vp_format_video_url":"","_vp_image_focal_point":[],"footnotes":""},"class_list":["post-7690","page","type-page","status-publish","hentry"],"_links":{"self":[{"href":"https:\/\/rcg-global.com\/es\/wp-json\/wp\/v2\/pages\/7690","targetHints":{"allow":["GET"]}}],"collection":[{"href":"https:\/\/rcg-global.com\/es\/wp-json\/wp\/v2\/pages"}],"about":[{"href":"https:\/\/rcg-global.com\/es\/wp-json\/wp\/v2\/types\/page"}],"author":[{"embeddable":true,"href":"https:\/\/rcg-global.com\/es\/wp-json\/wp\/v2\/users\/1"}],"replies":[{"embeddable":true,"href":"https:\/\/rcg-global.com\/es\/wp-json\/wp\/v2\/comments?post=7690"}],"version-history":[{"count":8,"href":"https:\/\/rcg-global.com\/es\/wp-json\/wp\/v2\/pages\/7690\/revisions"}],"predecessor-version":[{"id":7726,"href":"https:\/\/rcg-global.com\/es\/wp-json\/wp\/v2\/pages\/7690\/revisions\/7726"}],"wp:attachment":[{"href":"https:\/\/rcg-global.com\/es\/wp-json\/wp\/v2\/media?parent=7690"}],"curies":[{"name":"wp","href":"https:\/\/api.w.org\/{rel}","templated":true}]}}