{"id":5456,"date":"2023-04-02T06:52:16","date_gmt":"2023-04-02T09:52:16","guid":{"rendered":"https:\/\/rcgherco.com\/servicios\/brokerslink-partners\/"},"modified":"2023-06-02T11:39:52","modified_gmt":"2023-06-02T14:39:52","slug":"brokerslink-partners","status":"publish","type":"page","link":"https:\/\/rcg-global.com\/es\/servicios\/brokerslink-partners\/","title":{"rendered":"BROKERSLINK PARTNERS"},"content":{"rendered":"\n<style type=\"text\/css\" data-created_by=\"avia_inline_auto\" id=\"style-css-av-is752y-1bfd838aec74754ebdb29caeb3e3b7a5\">\n.avia-section.av-is752y-1bfd838aec74754ebdb29caeb3e3b7a5{\nbackground-repeat:no-repeat;\nbackground-image:url(https:\/\/rcg-global.com\/wp-content\/uploads\/2023\/04\/Business-meeting-to-be-productive-scaled.jpg);\nbackground-position:50% 100%;\nbackground-attachment:scroll;\n}\n.avia-section.av-is752y-1bfd838aec74754ebdb29caeb3e3b7a5 .av-section-color-overlay{\nopacity:0.6;\nbackground-color:#000000;\n}\n<\/style>\n<div id='av_section_1'  class='avia-section av-is752y-1bfd838aec74754ebdb29caeb3e3b7a5 main_color avia-section-default avia-no-border-styling  avia-builder-el-0  el_before_av_heading  avia-builder-el-first  avia-full-stretch avia-bg-style-scroll av-section-color-overlay-active container_wrap sidebar_right'  data-section-bg-repeat='stretch'><div class=\"av-section-color-overlay-wrap\"><div class=\"av-section-color-overlay\"><\/div><div class='container av-section-cont-open' ><main  role=\"main\" itemprop=\"mainContentOfPage\"  class='template-page content  av-content-small alpha units'><div class='post-entry post-entry-type-page post-entry-5456'><div class='entry-content-wrapper clearfix'>\n\n<style type=\"text\/css\" data-created_by=\"avia_inline_auto\" id=\"style-css-av-gigyve-6436203d284d8fd4aa97c75d5761c096\">\n#top .hr.hr-invisible.av-gigyve-6436203d284d8fd4aa97c75d5761c096{\nheight:50px;\n}\n<\/style>\n<div  class='hr av-gigyve-6436203d284d8fd4aa97c75d5761c096 hr-invisible  avia-builder-el-1  el_before_av_hr  avia-builder-el-first '><span class='hr-inner '><span class=\"hr-inner-style\"><\/span><\/span><\/div>\n\n<style type=\"text\/css\" data-created_by=\"avia_inline_auto\" id=\"style-css-av-dg5rwq-d960d308bef0263aa89e71c07d6d935c\">\n#top .hr.hr-invisible.av-dg5rwq-d960d308bef0263aa89e71c07d6d935c{\nheight:50px;\n}\n<\/style>\n<div  class='hr av-dg5rwq-d960d308bef0263aa89e71c07d6d935c hr-invisible  avia-builder-el-2  el_after_av_hr  el_before_av_heading '><span class='hr-inner '><span class=\"hr-inner-style\"><\/span><\/span><\/div>\n\n<style type=\"text\/css\" data-created_by=\"avia_inline_auto\" id=\"style-css-av-lfz81mje-ef99b10fc460aa39d3a6aa5a2159d496\">\n#top .av-special-heading.av-lfz81mje-ef99b10fc460aa39d3a6aa5a2159d496{\npadding-bottom:10px;\ncolor:#ffffff;\n}\nbody .av-special-heading.av-lfz81mje-ef99b10fc460aa39d3a6aa5a2159d496 .av-special-heading-tag .heading-char{\nfont-size:25px;\n}\n.av-special-heading.av-lfz81mje-ef99b10fc460aa39d3a6aa5a2159d496 .special-heading-inner-border{\nborder-color:#ffffff;\n}\n.av-special-heading.av-lfz81mje-ef99b10fc460aa39d3a6aa5a2159d496 .av-subheading{\nfont-size:18px;\n}\nbody .av-special-heading.av-lfz81mje-ef99b10fc460aa39d3a6aa5a2159d496 .av-special-heading-tag .heading-wrap:before{\nborder-color:#ffffff;\n}\nbody .av-special-heading.av-lfz81mje-ef99b10fc460aa39d3a6aa5a2159d496 .av-special-heading-tag .heading-wrap:after{\nborder-color:#ffffff;\n}\n<\/style>\n<div  class='av-special-heading av-lfz81mje-ef99b10fc460aa39d3a6aa5a2159d496 av-special-heading-h1 custom-color-heading blockquote elegant-quote elegant-centered  avia-builder-el-3  el_after_av_hr  el_before_av_hr '><h1 class='av-special-heading-tag '  itemprop=\"headline\"  ><span class=\"heading-wrap\">BROKERSLINK PARTNERS <\/span><\/h1><div class=\"special-heading-border\"><div class=\"special-heading-inner-border\"><\/div><\/div><\/div>\n\n<style type=\"text\/css\" data-created_by=\"avia_inline_auto\" id=\"style-css-av-811lje-25f056c7bfa8d74eacaf12b74ecb9c7d\">\n#top .hr.hr-invisible.av-811lje-25f056c7bfa8d74eacaf12b74ecb9c7d{\nheight:50px;\n}\n<\/style>\n<div  class='hr av-811lje-25f056c7bfa8d74eacaf12b74ecb9c7d hr-invisible  avia-builder-el-4  el_after_av_heading  el_before_av_hr '><span class='hr-inner '><span class=\"hr-inner-style\"><\/span><\/span><\/div>\n\n<style type=\"text\/css\" data-created_by=\"avia_inline_auto\" id=\"style-css-av-5cd8bu-6cbd82b2517fed0cec5b91f18245f910\">\n#top .hr.hr-invisible.av-5cd8bu-6cbd82b2517fed0cec5b91f18245f910{\nheight:50px;\n}\n<\/style>\n<div  class='hr av-5cd8bu-6cbd82b2517fed0cec5b91f18245f910 hr-invisible  avia-builder-el-5  el_after_av_hr  el_before_av_hr '><span class='hr-inner '><span class=\"hr-inner-style\"><\/span><\/span><\/div>\n\n<style type=\"text\/css\" data-created_by=\"avia_inline_auto\" id=\"style-css-av-4f466y-1d327f0da1787db2ad346358a3664ff1\">\n#top .hr.hr-invisible.av-4f466y-1d327f0da1787db2ad346358a3664ff1{\nheight:50px;\n}\n<\/style>\n<div  class='hr av-4f466y-1d327f0da1787db2ad346358a3664ff1 hr-invisible  avia-builder-el-6  el_after_av_hr  avia-builder-el-last '><span class='hr-inner '><span class=\"hr-inner-style\"><\/span><\/span><\/div>\n<\/div><\/div><\/main><!-- close content main element --><\/div><\/div><\/div><div id='after_section_1'  class='main_color av_default_container_wrap container_wrap sidebar_right'  ><div class='container av-section-cont-open' ><div class='template-page content  av-content-small alpha units'><div class='post-entry post-entry-type-page post-entry-5456'><div class='entry-content-wrapper clearfix'>\n\n<style type=\"text\/css\" data-created_by=\"avia_inline_auto\" id=\"style-css-av-1uvp5m-8b1f6a9f8601d0aa90f405f6c7e4021f\">\n#top .av-special-heading.av-1uvp5m-8b1f6a9f8601d0aa90f405f6c7e4021f{\npadding-bottom:10px;\ncolor:#706f6f;\n}\nbody .av-special-heading.av-1uvp5m-8b1f6a9f8601d0aa90f405f6c7e4021f .av-special-heading-tag .heading-char{\nfont-size:25px;\n}\n.av-special-heading.av-1uvp5m-8b1f6a9f8601d0aa90f405f6c7e4021f .special-heading-inner-border{\nborder-color:#706f6f;\n}\n.av-special-heading.av-1uvp5m-8b1f6a9f8601d0aa90f405f6c7e4021f .av-subheading{\nfont-size:15px;\n}\nbody .av-special-heading.av-1uvp5m-8b1f6a9f8601d0aa90f405f6c7e4021f .av-special-heading-tag .heading-wrap:before{\nborder-color:#706f6f;\n}\nbody .av-special-heading.av-1uvp5m-8b1f6a9f8601d0aa90f405f6c7e4021f .av-special-heading-tag .heading-wrap:after{\nborder-color:#706f6f;\n}\n<\/style>\n<div  class='av-special-heading av-1uvp5m-8b1f6a9f8601d0aa90f405f6c7e4021f av-special-heading-h3 custom-color-heading blockquote elegant-quote elegant-centered  avia-builder-el-7  el_after_av_section  el_before_av_section  avia-builder-el-no-sibling '><h3 class='av-special-heading-tag '  itemprop=\"headline\"  ><span class=\"heading-wrap\">Acerca Del Sector<\/span><\/h3><div class=\"special-heading-border\"><div class=\"special-heading-inner-border\"><\/div><\/div><\/div>\n<p><\/div><\/div><\/div><!-- close content main div --><\/div><\/div>\n<style type=\"text\/css\" data-created_by=\"avia_inline_auto\" id=\"style-css-av-aovbcq-abe83d94d8911980a23d7f77b3759548\">\n.avia-section.av-aovbcq-abe83d94d8911980a23d7f77b3759548{\nmargin-top:0px;\nmargin-bottom:30px;\n}\n<\/style>\n<div id='av_section_2'  class='avia-section av-aovbcq-abe83d94d8911980a23d7f77b3759548 main_color avia-section-no-padding avia-no-border-styling  avia-builder-el-8  el_after_av_heading  el_before_av_section  avia-bg-style-scroll container_wrap sidebar_right'  ><div class='container av-section-cont-open' ><div class='template-page content  av-content-small alpha units'><div class='post-entry post-entry-type-page post-entry-5456'><div class='entry-content-wrapper clearfix'>\n<div  class='flex_column av-65rtwa-9c87f8c5db860fb8e1f2382a15168135 av_two_third  avia-builder-el-9  el_before_av_one_third  avia-builder-el-first  first flex_column_div  '     ><style type=\"text\/css\" data-created_by=\"avia_inline_auto\" id=\"style-css-av-lfz82asa-4aec16911834b6a4e1a4c42dbd447553\">\n#top .av_textblock_section.av-lfz82asa-4aec16911834b6a4e1a4c42dbd447553 .avia_textblock{\nfont-size:14px;\ntext-align:justify;\n}\n<\/style>\n<section  class='av_textblock_section av-lfz82asa-4aec16911834b6a4e1a4c42dbd447553 '   itemscope=\"itemscope\" itemtype=\"https:\/\/schema.org\/CreativeWork\" ><div class='avia_textblock'  itemprop=\"text\" ><h3 style=\"text-align: left;\">Brokerslink Partners<\/h3>\n<p><img loading=\"lazy\" decoding=\"async\" class=\"alignnone wp-image-4300 size-full\" src=\"https:\/\/rcgherco.com\/wp-content\/uploads\/2023\/05\/Rectangle-24@2x-e1683869946287.png\" alt=\"\" width=\"44\" height=\"8\" srcset=\"https:\/\/rcg-global.com\/wp-content\/uploads\/2023\/05\/Rectangle-24@2x-e1683869946287.png 44w, https:\/\/rcg-global.com\/wp-content\/uploads\/2023\/05\/Rectangle-24@2x-e1683869946287-36x8.png 36w\" sizes=\"auto, (max-width: 44px) 100vw, 44px\" \/><\/p>\n<p><span class=\"TextRun SCXW216945299 BCX0\" lang=\"PT-BR\" data-contrast=\"auto\" xml:lang=\"PT-BR\"><span class=\"NormalTextRun SCXW216945299 BCX0\" style=\"color: #000000;\">A trav\u00e9s de la asociaci\u00f3n con<\/span> <strong><span class=\"NormalTextRun SpellingErrorV2Themed SCXW216945299 BCX0\">Brokerslink<\/span><\/strong><span class=\"NormalTextRun SCXW216945299 BCX0\">, <span style=\"color: #000000;\">una compa\u00f1\u00eda global<\/span><\/span> <span style=\"color: #000000;\"><span class=\"NormalTextRun SpellingErrorV2Themed SCXW216945299 BCX0\">de<\/span> <span class=\"NormalTextRun SpellingErrorV2Themed SCXW216945299 BCX0\">corretaje<\/span> <span class=\"NormalTextRun SCXW216945299 BCX0\">presente en m\u00e1s de 125 pa\u00edses, podemos ofrecer una amplia gama de soluciones personalizables, de acuerdo con las necesidades de nuestros clientes.<\/span><\/span><\/span><span class=\"EOP SCXW216945299 BCX0\" style=\"color: #000000;\" data-ccp-props=\"{\"> <\/span><\/p>\n<\/div><\/section><br \/>\n\n<style type=\"text\/css\" data-created_by=\"avia_inline_auto\" id=\"style-css-av-lgup31ll-6e4956fc6832850bb1cb8ca15cd0ea02\">\n#top .av_textblock_section.av-lgup31ll-6e4956fc6832850bb1cb8ca15cd0ea02 .avia_textblock{\nfont-size:14px;\ntext-align:justify;\n}\n<\/style>\n<section  class='av_textblock_section av-lgup31ll-6e4956fc6832850bb1cb8ca15cd0ea02 '   itemscope=\"itemscope\" itemtype=\"https:\/\/schema.org\/CreativeWork\" ><div class='avia_textblock'  itemprop=\"text\" ><p><span style=\"color: #000000;\"><span class=\"TextRun SCXW252990731 BCX0\" lang=\"PT-BR\" xml:lang=\"PT-BR\" data-contrast=\"auto\"><span class=\"NormalTextRun SCXW252990731 BCX0\">De esta manera, aseguramos<\/span> <span class=\"NormalTextRun SCXW252990731 BCX0\">una actuaci\u00f3n internacional enfocada en la protecci\u00f3n de tu negocio, independientemente de su tama\u00f1o o segmento.<\/span> <\/span><span class=\"EOP SCXW252990731 BCX0\" data-ccp-props=\"{\"> <\/span><\/span><\/p>\n<\/div><\/section><\/p><\/div><div  class='flex_column av-345aa2-e610a64339fa24febee0f39a9c38825a av_one_third  avia-builder-el-12  el_after_av_two_third  avia-builder-el-last  flex_column_div  '     ><style type=\"text\/css\" data-created_by=\"avia_inline_auto\" id=\"style-css-av-lh4cwk2i-674f8152b615510fd232adc4e1385137\">\n.avia-image-container.av-lh4cwk2i-674f8152b615510fd232adc4e1385137 img.avia_image{\nbox-shadow:none;\n}\n.avia-image-container.av-lh4cwk2i-674f8152b615510fd232adc4e1385137 .av-image-caption-overlay-center{\ncolor:#ffffff;\n}\n<\/style>\n<div  class='avia-image-container av-lh4cwk2i-674f8152b615510fd232adc4e1385137 av-styling- avia-align-center  avia-builder-el-13  avia-builder-el-no-sibling '   itemprop=\"image\" itemscope=\"itemscope\" itemtype=\"https:\/\/schema.org\/ImageObject\" ><div class=\"avia-image-container-inner\"><div class=\"avia-image-overlay-wrap\"><img decoding=\"async\" fetchpriority=\"high\" class='wp-image-7218 avia-img-lazy-loading-not-7218 avia_image ' src=\"https:\/\/rcg-global.com\/wp-content\/uploads\/2023\/06\/Work-Office-Icon-97-180x180.png\" alt='' title='Work Office Icon-97'  height=\"180\" width=\"180\"  itemprop=\"thumbnailUrl\" srcset=\"https:\/\/rcg-global.com\/wp-content\/uploads\/2023\/06\/Work-Office-Icon-97-180x180.png 180w, https:\/\/rcg-global.com\/wp-content\/uploads\/2023\/06\/Work-Office-Icon-97-300x300.png 300w, https:\/\/rcg-global.com\/wp-content\/uploads\/2023\/06\/Work-Office-Icon-97-80x80.png 80w, https:\/\/rcg-global.com\/wp-content\/uploads\/2023\/06\/Work-Office-Icon-97-36x36.png 36w, https:\/\/rcg-global.com\/wp-content\/uploads\/2023\/06\/Work-Office-Icon-97-500x500.png 500w, https:\/\/rcg-global.com\/wp-content\/uploads\/2023\/06\/Work-Office-Icon-97-45x45.png 45w, https:\/\/rcg-global.com\/wp-content\/uploads\/2023\/06\/Work-Office-Icon-97.png 534w\" sizes=\"(max-width: 180px) 100vw, 180px\" \/><\/div><\/div><\/div><\/div>\n<\/div><\/div><\/div><!-- close content main div --><\/div><\/div>\n<style type=\"text\/css\" data-created_by=\"avia_inline_auto\" id=\"style-css-av-3od5ze-634a20f118ddfef3c7ed78c498030ad8\">\n.avia-section.av-3od5ze-634a20f118ddfef3c7ed78c498030ad8{\nbackground-color:#000000;\nbackground-image:url(https:\/\/rcg-global.com\/wp-content\/uploads\/2023\/05\/1-scaled.jpg);\nbackground-repeat:no-repeat;\nbackground-position:50% 50%;\nbackground-attachment:fixed;\n}\n.avia-section.av-3od5ze-634a20f118ddfef3c7ed78c498030ad8 .av-section-color-overlay{\nopacity:0.8;\nbackground-color:rgba(0,0,0,0.67);\n}\n<\/style>\n<div id='av_section_3'  class='avia-section av-3od5ze-634a20f118ddfef3c7ed78c498030ad8 main_color avia-section-default avia-no-border-styling  avia-builder-el-14  el_after_av_section  avia-builder-el-last  avia-full-stretch avia-bg-style-fixed av-section-color-overlay-active container_wrap sidebar_right'  data-section-bg-repeat='stretch'><div class=\"av-section-color-overlay-wrap\"><div class=\"av-section-color-overlay\"><\/div><div class='container av-section-cont-open' ><div class='template-page content  av-content-small alpha units'><div class='post-entry post-entry-type-page post-entry-5456'><div class='entry-content-wrapper clearfix'>\n\n<style type=\"text\/css\" data-created_by=\"avia_inline_auto\" id=\"style-css-av-2xh0l6-5441c3ef199216bbb9393e5acc4f0a26\">\n#top .flex_column.av-2xh0l6-5441c3ef199216bbb9393e5acc4f0a26{\nmargin-top:10px;\nmargin-bottom:10px;\n}\n.flex_column.av-2xh0l6-5441c3ef199216bbb9393e5acc4f0a26{\nborder-radius:1px 1px 1px 1px;\npadding:5px 5px 5px 5px;\n}\n.responsive #top #wrap_all .flex_column.av-2xh0l6-5441c3ef199216bbb9393e5acc4f0a26{\nmargin-top:10px;\nmargin-bottom:10px;\n}\n<\/style>\n<div  class='flex_column av-2xh0l6-5441c3ef199216bbb9393e5acc4f0a26 av_one_full  avia-builder-el-15  avia-builder-el-no-sibling  first flex_column_div av-animated-generic fade-in avia-full-stretch  '     ><p>\n<style type=\"text\/css\" data-created_by=\"avia_inline_auto\" id=\"style-css-av-lfz8372i-4a78eeb7f772b1b91c6e8e9b0d232f1c\">\n#top .av-special-heading.av-lfz8372i-4a78eeb7f772b1b91c6e8e9b0d232f1c{\nmargin:10px 10px 10px 10px;\npadding-bottom:10px;\ncolor:#ffffff;\nfont-size:24px;\n}\nbody .av-special-heading.av-lfz8372i-4a78eeb7f772b1b91c6e8e9b0d232f1c .av-special-heading-tag .heading-char{\nfont-size:25px;\n}\n#top #wrap_all .av-special-heading.av-lfz8372i-4a78eeb7f772b1b91c6e8e9b0d232f1c .av-special-heading-tag{\nfont-size:24px;\npadding:10px 10px 10px 10px;\n}\n.av-special-heading.av-lfz8372i-4a78eeb7f772b1b91c6e8e9b0d232f1c .special-heading-inner-border{\nborder-color:#ffffff;\n}\n.av-special-heading.av-lfz8372i-4a78eeb7f772b1b91c6e8e9b0d232f1c .av-subheading{\nfont-size:18px;\ncolor:#ffffff;\n}\nbody .av-special-heading.av-lfz8372i-4a78eeb7f772b1b91c6e8e9b0d232f1c .av-special-heading-tag .heading-wrap:before{\nborder-color:#ffffff;\n}\nbody .av-special-heading.av-lfz8372i-4a78eeb7f772b1b91c6e8e9b0d232f1c .av-special-heading-tag .heading-wrap:after{\nborder-color:#ffffff;\n}\n\n@media only screen and (min-width: 480px) and (max-width: 767px){ \n#top #wrap_all .av-special-heading.av-lfz8372i-4a78eeb7f772b1b91c6e8e9b0d232f1c .av-special-heading-tag{\nfont-size:0.8em;\n}\n}\n\n@media only screen and (max-width: 479px){ \n#top #wrap_all .av-special-heading.av-lfz8372i-4a78eeb7f772b1b91c6e8e9b0d232f1c .av-special-heading-tag{\nfont-size:0.8em;\n}\n}\n<\/style>\n<div  class='av-special-heading av-lfz8372i-4a78eeb7f772b1b91c6e8e9b0d232f1c av-special-heading-h3 custom-color-heading blockquote elegant-quote elegant-centered  avia-builder-el-16  el_before_av_toggle_container  avia-builder-el-first  av-inherit-size'><h3 class='av-special-heading-tag '  itemprop=\"headline\"  ><span class=\"heading-wrap\">\u00bfC\u00f3mo Lo Hacemos? <\/span><\/h3><div class='av_custom_color av-subheading av-subheading_below'><p>Descubre los principales Seguros disponibles<\/p>\n<\/div><div class=\"special-heading-border\"><div class=\"special-heading-inner-border\"><\/div><\/div><\/div><br \/>\n\n<style type=\"text\/css\" data-created_by=\"avia_inline_auto\" id=\"style-css-av-libtq578-30564f51340df9957e1893590f477ced\">\n#top .togglecontainer.av-libtq578-30564f51340df9957e1893590f477ced p.toggler{\ncolor:#000000;\nborder-color:#b02b2c;\n}\n#top .togglecontainer.av-libtq578-30564f51340df9957e1893590f477ced p.toggler.activeTitle{\ncolor:#b02b2c;\nborder-color:#b02b2c;\nbackground-color:rgba(0,0,0,0.14);\n}\n#top .togglecontainer.av-libtq578-30564f51340df9957e1893590f477ced p.toggler:not(.activeTitle):hover{\ncolor:#ffffff;\nbackground-color:rgba(213,19,23,0.9);\n}\n#top .togglecontainer.av-libtq578-30564f51340df9957e1893590f477ced p.toggler:not(.activeTitle):hover .toggle_icon, #top .togglecontainer.av-libtq578-30564f51340df9957e1893590f477ced p.toggler:not(.activeTitle):hover .toggle_icon *{\nborder-color:#b02b2c !important;\n}\n#top .togglecontainer.av-libtq578-30564f51340df9957e1893590f477ced p.toggler .toggle_icon{\ncolor:#000000;\nborder-color:#000000;\n}\n#top .togglecontainer.av-libtq578-30564f51340df9957e1893590f477ced p.toggler .toggle_icon > span{\ncolor:#000000;\nborder-color:#000000;\n}\n#top .togglecontainer.av-libtq578-30564f51340df9957e1893590f477ced p.toggler.activeTitle .toggle_icon, #top .togglecontainer.av-libtq578-30564f51340df9957e1893590f477ced p.toggler.activeTitle .toggle_icon > span{\ncolor:#b02b2c;\nborder-color:#b02b2c;\n}\n#top .togglecontainer.av-libtq578-30564f51340df9957e1893590f477ced .toggle_wrap .toggle_content{\ncolor:#000000;\nborder-color:#b02b2c;\n}\n<\/style>\n<div  class='togglecontainer av-libtq578-30564f51340df9957e1893590f477ced av-elegant-toggle  avia-builder-el-17  el_after_av_heading  el_before_av_button  toggle_close_all' >\n<section class='av_toggle_section av-libtpoyy-4f715243e6cd3791c33de513e36b1dba'  itemscope=\"itemscope\" itemtype=\"https:\/\/schema.org\/CreativeWork\" ><div role=\"tablist\" class=\"single_toggle\" data-tags=\"{Todo} \"  ><p id='toggle-toggle-id-1' data-fake-id='#toggle-id-1' class='toggler  av-title-above av-inherit-border-color'  itemprop=\"headline\"  role='tab' tabindex='0' aria-controls='toggle-id-1' data-slide-speed=\"200\" data-title=\"Security &amp; Cyber\" data-title-open=\"\" data-aria_collapsed=\"Click to expand: Security &amp; Cyber\" data-aria_expanded=\"Click to collapse: Security &amp; Cyber\">Security &amp; Cyber<span class=\"toggle_icon\"><span class=\"vert_icon\"><\/span><span class=\"hor_icon\"><\/span><\/span><\/p><div id='toggle-id-1' aria-labelledby='toggle-toggle-id-1' role='region' class='toggle_wrap  av-title-above'  ><div class='toggle_content invers-color av-inherit-border-color'  itemprop=\"text\" ><p>Para m\u00e1s informaci\u00f3n, hable con <a href=\"https:\/\/rcgherco.com\/shortcodes__trashed\/contact-forms\/\">un especialista<\/a>.<\/p>\n<\/div><\/div><\/div><\/section>\n<section class='av_toggle_section av-libtpy5q-dad06faf8c18229b7437a846efa7feee'  itemscope=\"itemscope\" itemtype=\"https:\/\/schema.org\/CreativeWork\" ><div role=\"tablist\" class=\"single_toggle\" data-tags=\"{Todo} \"  ><p id='toggle-toggle-id-2' data-fake-id='#toggle-id-2' class='toggler  av-title-above av-inherit-border-color'  itemprop=\"headline\"  role='tab' tabindex='0' aria-controls='toggle-id-2' data-slide-speed=\"200\" data-title=\"Desastres naturales\" data-title-open=\"\" data-aria_collapsed=\"Click to expand: Desastres naturales\" data-aria_expanded=\"Click to collapse: Desastres naturales\">Desastres naturales<span class=\"toggle_icon\"><span class=\"vert_icon\"><\/span><span class=\"hor_icon\"><\/span><\/span><\/p><div id='toggle-id-2' aria-labelledby='toggle-toggle-id-2' role='region' class='toggle_wrap  av-title-above'  ><div class='toggle_content invers-color av-inherit-border-color'  itemprop=\"text\" ><p>Para m\u00e1s informaci\u00f3n, hable con <a href=\"https:\/\/rcgherco.com\/shortcodes__trashed\/contact-forms\/\">un especialista<\/a>.<\/p>\n<\/div><\/div><\/div><\/section>\n<section class='av_toggle_section av-libtq44s-1627a9e27a1e46d2a48fd767bc0a7700'  itemscope=\"itemscope\" itemtype=\"https:\/\/schema.org\/CreativeWork\" ><div role=\"tablist\" class=\"single_toggle\" data-tags=\"{Todo} \"  ><p id='toggle-toggle-id-3' data-fake-id='#toggle-id-3' class='toggler  av-title-above av-inherit-border-color'  itemprop=\"headline\"  role='tab' tabindex='0' aria-controls='toggle-id-3' data-slide-speed=\"200\" data-title=\"Terrorismo\" data-title-open=\"\" data-aria_collapsed=\"Click to expand: Terrorismo\" data-aria_expanded=\"Click to collapse: Terrorismo\">Terrorismo<span class=\"toggle_icon\"><span class=\"vert_icon\"><\/span><span class=\"hor_icon\"><\/span><\/span><\/p><div id='toggle-id-3' aria-labelledby='toggle-toggle-id-3' role='region' class='toggle_wrap  av-title-above'  ><div class='toggle_content invers-color av-inherit-border-color'  itemprop=\"text\" ><p>Para m\u00e1s informaci\u00f3n, hable con <a href=\"https:\/\/rcgherco.com\/shortcodes__trashed\/contact-forms\/\">un especialista<\/a>.<\/p>\n<\/div><\/div><\/div><\/section>\n<\/div><br \/>\n<div  class='avia-button-wrap av-26wnkq-1a8ae8e75503c547862b7e24dd120c78-wrap avia_animated_button av-animated-when-visible-95 fade-in-up avia-button-center  avia-builder-el-18  el_after_av_toggle_container  avia-builder-el-last '>\n<style type=\"text\/css\" data-created_by=\"avia_inline_auto\" id=\"style-css-av-26wnkq-1a8ae8e75503c547862b7e24dd120c78\">\n#top #wrap_all .avia-button.av-26wnkq-1a8ae8e75503c547862b7e24dd120c78{\nfont-size:20px;\nbox-shadow: 1px 1px 1px 1px #706f6f;\ntransition:all 0.4s ease-in-out;\npadding:5px 5px 5px 5px;\n}\n<\/style>\n<a href='https:\/\/rcgherco.com\/es\/atencion-comercial\/'  class='avia-button av-26wnkq-1a8ae8e75503c547862b7e24dd120c78 av-link-btn avia-icon_select-no avia-size-large avia-position-center avia-color-theme-color'  title=\"contato_comercial\" aria-label=\"contato_comercial\"><span class='avia_iconbox_title' >\u00a1Contacta a nuestros consultores!<\/span><\/a><\/div><\/p><\/div>\n<\/div><\/div><\/div><!-- close content main div --><\/div><\/div><\/div><div id='after_section_3'  class='main_color av_default_container_wrap container_wrap sidebar_right'  ><div class='container av-section-cont-open' ><div class='template-page content  av-content-small alpha units'><div class='post-entry post-entry-type-page post-entry-5456'><div class='entry-content-wrapper clearfix'><\/p>\n","protected":false},"excerpt":{"rendered":"","protected":false},"author":1,"featured_media":0,"parent":5429,"menu_order":9,"comment_status":"closed","ping_status":"closed","template":"","meta":{"content-type":"","om_disable_all_campaigns":false,"_monsterinsights_skip_tracking":false,"_monsterinsights_sitenote_active":false,"_monsterinsights_sitenote_note":"","_monsterinsights_sitenote_category":0,"_uf_show_specific_survey":0,"_uf_disable_surveys":false,"_vp_format_video_url":"","_vp_image_focal_point":[],"footnotes":""},"class_list":["post-5456","page","type-page","status-publish","hentry"],"_links":{"self":[{"href":"https:\/\/rcg-global.com\/es\/wp-json\/wp\/v2\/pages\/5456","targetHints":{"allow":["GET"]}}],"collection":[{"href":"https:\/\/rcg-global.com\/es\/wp-json\/wp\/v2\/pages"}],"about":[{"href":"https:\/\/rcg-global.com\/es\/wp-json\/wp\/v2\/types\/page"}],"author":[{"embeddable":true,"href":"https:\/\/rcg-global.com\/es\/wp-json\/wp\/v2\/users\/1"}],"replies":[{"embeddable":true,"href":"https:\/\/rcg-global.com\/es\/wp-json\/wp\/v2\/comments?post=5456"}],"version-history":[{"count":18,"href":"https:\/\/rcg-global.com\/es\/wp-json\/wp\/v2\/pages\/5456\/revisions"}],"predecessor-version":[{"id":7282,"href":"https:\/\/rcg-global.com\/es\/wp-json\/wp\/v2\/pages\/5456\/revisions\/7282"}],"up":[{"embeddable":true,"href":"https:\/\/rcg-global.com\/es\/wp-json\/wp\/v2\/pages\/5429"}],"wp:attachment":[{"href":"https:\/\/rcg-global.com\/es\/wp-json\/wp\/v2\/media?parent=5456"}],"curies":[{"name":"wp","href":"https:\/\/api.w.org\/{rel}","templated":true}]}}